{"id":123,"date":"2022-08-24T18:52:35","date_gmt":"2022-08-24T16:52:35","guid":{"rendered":"https:\/\/terre-franche.be\/site2022\/index.php\/page-daccueil\/"},"modified":"2026-04-23T14:05:53","modified_gmt":"2026-04-23T12:05:53","slug":"page-daccueil","status":"publish","type":"page","link":"https:\/\/terre-franche.be\/site2022\/","title":{"rendered":"Accueil"},"content":{"rendered":"\t\t<div data-elementor-type=\"wp-page\" data-elementor-id=\"123\" class=\"elementor elementor-123\">\n\t\t\t\t\t\t<section class=\"elementor-section elementor-top-section elementor-element elementor-element-63ffd95 elementor-section-boxed elementor-section-height-default elementor-section-height-default\" data-id=\"63ffd95\" data-element_type=\"section\" data-e-type=\"section\">\n\t\t\t\t\t\t<div class=\"elementor-container elementor-column-gap-default\">\n\t\t\t\t\t<div class=\"elementor-column elementor-col-25 elementor-top-column elementor-element elementor-element-32a6b6d\" data-id=\"32a6b6d\" data-element_type=\"column\" data-e-type=\"column\">\n\t\t\t<div class=\"elementor-widget-wrap elementor-element-populated\">\n\t\t\t\t\t\t<div class=\"elementor-element elementor-element-4421467 elementor-widget elementor-widget-image\" data-id=\"4421467\" data-element_type=\"widget\" data-e-type=\"widget\" data-widget_type=\"image.default\">\n\t\t\t\t<div class=\"elementor-widget-container\">\n\t\t\t\t\t\t\t\t\t\t\t\t\t\t\t\t<a href=\"https:\/\/terre-franche.be\/site2022\/index.php\/qui-sommes-nous\/\" target=\"_blank\">\n\t\t\t\t\t\t\t<img decoding=\"async\" width=\"300\" height=\"143\" src=\"https:\/\/terre-franche.be\/site2022\/wp-content\/uploads\/2023\/09\/logo-vert-site-300x143.png\" class=\"attachment-medium size-medium wp-image-988\" alt=\"logo terre franche\" srcset=\"https:\/\/terre-franche.be\/site2022\/wp-content\/uploads\/2023\/09\/logo-vert-site-300x143.png 300w, https:\/\/terre-franche.be\/site2022\/wp-content\/uploads\/2023\/09\/logo-vert-site.png 500w\" sizes=\"(max-width: 300px) 100vw, 300px\" \/>\t\t\t\t\t\t\t\t<\/a>\n\t\t\t\t\t\t\t\t\t\t\t\t\t\t\t<\/div>\n\t\t\t\t<\/div>\n\t\t\t\t\t<\/div>\n\t\t<\/div>\n\t\t\t\t<div class=\"elementor-column elementor-col-50 elementor-top-column elementor-element elementor-element-243aa47\" data-id=\"243aa47\" data-element_type=\"column\" data-e-type=\"column\">\n\t\t\t<div class=\"elementor-widget-wrap elementor-element-populated\">\n\t\t\t\t\t\t<div class=\"elementor-element elementor-element-0bd47b3 elementor-widget elementor-widget-text-editor\" data-id=\"0bd47b3\" data-element_type=\"widget\" data-e-type=\"widget\" data-widget_type=\"text-editor.default\">\n\t\t\t\t<div class=\"elementor-widget-container\">\n\t\t\t\t\t\t\t\t\t<p>\u00a0<\/p><p>Le CENTRE d&rsquo;EXPRESSION et de CREATIVITE<br \/>du Centre Culturel ECRIN, <br \/>situ\u00e9 sur la place de Longchamps, \u00e0 5310 EGHEZEE,<br \/>propose des ATELIERS, STAGES et PROJETS cr\u00e9atifs,<br \/>en arts de la sc\u00e8ne, th\u00e9\u00e2tre, danse et musique,<br \/>ainsi qu&rsquo;en arts plastiques et visuels.<br \/>ENFANTS, ADOS, ADULTES sont bienvenus, sans exception !<\/p>\t\t\t\t\t\t\t\t<\/div>\n\t\t\t\t<\/div>\n\t\t\t\t\t<\/div>\n\t\t<\/div>\n\t\t\t\t<div class=\"elementor-column elementor-col-25 elementor-top-column elementor-element elementor-element-a095a57\" data-id=\"a095a57\" data-element_type=\"column\" data-e-type=\"column\">\n\t\t\t<div class=\"elementor-widget-wrap\">\n\t\t\t\t\t\t\t<\/div>\n\t\t<\/div>\n\t\t\t\t\t<\/div>\n\t\t<\/section>\n\t\t\t\t<section class=\"elementor-section elementor-top-section elementor-element elementor-element-de313f0 elementor-section-boxed elementor-section-height-default elementor-section-height-default\" data-id=\"de313f0\" data-element_type=\"section\" data-e-type=\"section\">\n\t\t\t\t\t\t<div class=\"elementor-container elementor-column-gap-default\">\n\t\t\t\t\t<div class=\"elementor-column elementor-col-33 elementor-top-column elementor-element elementor-element-0ff2dd1\" data-id=\"0ff2dd1\" data-element_type=\"column\" data-e-type=\"column\">\n\t\t\t<div class=\"elementor-widget-wrap elementor-element-populated\">\n\t\t\t\t\t\t<div class=\"elementor-element elementor-element-fc041d8 elementor-widget elementor-widget-image\" data-id=\"fc041d8\" data-element_type=\"widget\" data-e-type=\"widget\" data-widget_type=\"image.default\">\n\t\t\t\t<div class=\"elementor-widget-container\">\n\t\t\t\t\t\t\t\t\t\t\t\t\t\t\t\t<a href=\"https:\/\/terre-franche.be\/site2022\/index.php\/stages-a-venir\/\" target=\"_blank\">\n\t\t\t\t\t\t\t<img fetchpriority=\"high\" decoding=\"async\" width=\"550\" height=\"550\" src=\"https:\/\/terre-franche.be\/site2022\/wp-content\/uploads\/2026\/04\/PAD-stages-ETE.jpg\" class=\"attachment-large size-large wp-image-7550\" alt=\"lien vers les stages d&#039;\u00e9t\u00e9 avec dessin d&#039;un dragon sortant d&#039;un volcan\" srcset=\"https:\/\/terre-franche.be\/site2022\/wp-content\/uploads\/2026\/04\/PAD-stages-ETE.jpg 550w, https:\/\/terre-franche.be\/site2022\/wp-content\/uploads\/2026\/04\/PAD-stages-ETE-300x300.jpg 300w, https:\/\/terre-franche.be\/site2022\/wp-content\/uploads\/2026\/04\/PAD-stages-ETE-150x150.jpg 150w\" sizes=\"(max-width: 550px) 100vw, 550px\" \/>\t\t\t\t\t\t\t\t<\/a>\n\t\t\t\t\t\t\t\t\t\t\t\t\t\t\t<\/div>\n\t\t\t\t<\/div>\n\t\t\t\t\t<\/div>\n\t\t<\/div>\n\t\t\t\t<div class=\"elementor-column elementor-col-33 elementor-top-column elementor-element elementor-element-974334e\" data-id=\"974334e\" data-element_type=\"column\" data-e-type=\"column\">\n\t\t\t<div class=\"elementor-widget-wrap elementor-element-populated\">\n\t\t\t\t\t\t<div class=\"elementor-element elementor-element-522a973 elementor-widget elementor-widget-image\" data-id=\"522a973\" data-element_type=\"widget\" data-e-type=\"widget\" data-widget_type=\"image.default\">\n\t\t\t\t<div class=\"elementor-widget-container\">\n\t\t\t\t\t\t\t\t\t\t\t\t<figure class=\"wp-caption\">\n\t\t\t\t\t\t\t\t\t\t\t<a href=\"https:\/\/terre-franche.be\/site2022\/index.php\/stages-a-venir\/\" target=\"_blank\">\n\t\t\t\t\t\t\t<img decoding=\"async\" width=\"550\" height=\"550\" src=\"https:\/\/terre-franche.be\/site2022\/wp-content\/uploads\/2026\/03\/stage-de-printemps26-550x550-1.jpg\" class=\"attachment-large size-large wp-image-7406\" alt=\"Lien vers le stage des vacances de printemps\" srcset=\"https:\/\/terre-franche.be\/site2022\/wp-content\/uploads\/2026\/03\/stage-de-printemps26-550x550-1.jpg 550w, https:\/\/terre-franche.be\/site2022\/wp-content\/uploads\/2026\/03\/stage-de-printemps26-550x550-1-300x300.jpg 300w, https:\/\/terre-franche.be\/site2022\/wp-content\/uploads\/2026\/03\/stage-de-printemps26-550x550-1-150x150.jpg 150w\" sizes=\"(max-width: 550px) 100vw, 550px\" \/>\t\t\t\t\t\t\t\t<\/a>\n\t\t\t\t\t\t\t\t\t\t\t<figcaption class=\"widget-image-caption wp-caption-text\">Arts plastiques, de 6 \u00e0 ...16 ans !<\/figcaption>\n\t\t\t\t\t\t\t\t\t\t<\/figure>\n\t\t\t\t\t\t\t\t\t<\/div>\n\t\t\t\t<\/div>\n\t\t\t\t\t<\/div>\n\t\t<\/div>\n\t\t\t\t<div class=\"elementor-column elementor-col-33 elementor-top-column elementor-element elementor-element-a025ef7\" data-id=\"a025ef7\" data-element_type=\"column\" data-e-type=\"column\">\n\t\t\t<div class=\"elementor-widget-wrap elementor-element-populated\">\n\t\t\t\t\t\t<div class=\"elementor-element elementor-element-7714e56 elementor-widget elementor-widget-image\" data-id=\"7714e56\" data-element_type=\"widget\" data-e-type=\"widget\" data-widget_type=\"image.default\">\n\t\t\t\t<div class=\"elementor-widget-container\">\n\t\t\t\t\t\t\t\t\t\t\t\t<figure class=\"wp-caption\">\n\t\t\t\t\t\t\t\t\t\t\t<a href=\"https:\/\/terre-franche.be\/site2022\/index.php\/2026\/04\/13\/atelier-jeu-de-role-plongez-dans-un-univers-original-et-palpitant\/\" target=\"_blank\">\n\t\t\t\t\t\t\t<img loading=\"lazy\" decoding=\"async\" width=\"550\" height=\"550\" src=\"https:\/\/terre-franche.be\/site2022\/wp-content\/uploads\/2026\/04\/jeu-de-role-Alan-Tabury-PAD550.jpg\" class=\"attachment-large size-large wp-image-7655\" alt=\"lien vers la page atelier d\u00e9couverte &quot;Jeu de R\u00f4le&quot;\" srcset=\"https:\/\/terre-franche.be\/site2022\/wp-content\/uploads\/2026\/04\/jeu-de-role-Alan-Tabury-PAD550.jpg 550w, https:\/\/terre-franche.be\/site2022\/wp-content\/uploads\/2026\/04\/jeu-de-role-Alan-Tabury-PAD550-300x300.jpg 300w, https:\/\/terre-franche.be\/site2022\/wp-content\/uploads\/2026\/04\/jeu-de-role-Alan-Tabury-PAD550-150x150.jpg 150w\" sizes=\"(max-width: 550px) 100vw, 550px\" \/>\t\t\t\t\t\t\t\t<\/a>\n\t\t\t\t\t\t\t\t\t\t\t<figcaption class=\"widget-image-caption wp-caption-text\">Le jeudi 18 juin, de 19h \u00e0 22h30... \u00e0 d\u00e9couvrir ! <\/figcaption>\n\t\t\t\t\t\t\t\t\t\t<\/figure>\n\t\t\t\t\t\t\t\t\t<\/div>\n\t\t\t\t<\/div>\n\t\t\t\t\t<\/div>\n\t\t<\/div>\n\t\t\t\t\t<\/div>\n\t\t<\/section>\n\t\t\t\t<section class=\"elementor-section elementor-top-section elementor-element elementor-element-4e3bb53 elementor-section-boxed elementor-section-height-default elementor-section-height-default\" data-id=\"4e3bb53\" data-element_type=\"section\" data-e-type=\"section\">\n\t\t\t\t\t\t<div class=\"elementor-container elementor-column-gap-default\">\n\t\t\t\t\t<div class=\"elementor-column elementor-col-33 elementor-top-column elementor-element elementor-element-9106acc\" data-id=\"9106acc\" data-element_type=\"column\" data-e-type=\"column\">\n\t\t\t<div class=\"elementor-widget-wrap elementor-element-populated\">\n\t\t\t\t\t\t<div class=\"elementor-element elementor-element-40bdf63 elementor-widget elementor-widget-image\" data-id=\"40bdf63\" data-element_type=\"widget\" data-e-type=\"widget\" data-widget_type=\"image.default\">\n\t\t\t\t<div class=\"elementor-widget-container\">\n\t\t\t\t\t\t\t\t\t\t\t\t\t\t\t\t<a href=\"https:\/\/terre-franche.be\/site2022\/index.php\/la-creativite-de-la-vitamine-sante\/\">\n\t\t\t\t\t\t\t<img loading=\"lazy\" decoding=\"async\" width=\"1024\" height=\"1024\" src=\"https:\/\/terre-franche.be\/site2022\/wp-content\/uploads\/2026\/03\/FLASHMOB-1200-1024x1024.jpg\" class=\"attachment-large size-large wp-image-7460\" alt=\"\" srcset=\"https:\/\/terre-franche.be\/site2022\/wp-content\/uploads\/2026\/03\/FLASHMOB-1200-1024x1024.jpg 1024w, https:\/\/terre-franche.be\/site2022\/wp-content\/uploads\/2026\/03\/FLASHMOB-1200-300x300.jpg 300w, https:\/\/terre-franche.be\/site2022\/wp-content\/uploads\/2026\/03\/FLASHMOB-1200-150x150.jpg 150w, https:\/\/terre-franche.be\/site2022\/wp-content\/uploads\/2026\/03\/FLASHMOB-1200-768x768.jpg 768w, https:\/\/terre-franche.be\/site2022\/wp-content\/uploads\/2026\/03\/FLASHMOB-1200-600x600.jpg 600w, https:\/\/terre-franche.be\/site2022\/wp-content\/uploads\/2026\/03\/FLASHMOB-1200.jpg 1200w\" sizes=\"(max-width: 1024px) 100vw, 1024px\" \/>\t\t\t\t\t\t\t\t<\/a>\n\t\t\t\t\t\t\t\t\t\t\t\t\t\t\t<\/div>\n\t\t\t\t<\/div>\n\t\t\t\t\t<\/div>\n\t\t<\/div>\n\t\t\t\t<div class=\"elementor-column elementor-col-33 elementor-top-column elementor-element elementor-element-4e1f37e\" data-id=\"4e1f37e\" data-element_type=\"column\" data-e-type=\"column\">\n\t\t\t<div class=\"elementor-widget-wrap elementor-element-populated\">\n\t\t\t\t\t\t<div class=\"elementor-element elementor-element-9939a00 elementor-widget elementor-widget-image\" data-id=\"9939a00\" data-element_type=\"widget\" data-e-type=\"widget\" data-widget_type=\"image.default\">\n\t\t\t\t<div class=\"elementor-widget-container\">\n\t\t\t\t\t\t\t\t\t\t\t\t\t\t\t\t<a href=\"https:\/\/terre-franche.be\/site2022\/index.php\/2025\/10\/27\/projet-de-creation-theatale-anne-de-chantraine\/\" target=\"_blank\">\n\t\t\t\t\t\t\t<img loading=\"lazy\" decoding=\"async\" width=\"550\" height=\"550\" src=\"https:\/\/terre-franche.be\/site2022\/wp-content\/uploads\/2026\/04\/AC-pad.jpg\" class=\"attachment-large size-large wp-image-7685\" alt=\"Lien vers la page du film sur Anne De Chantraine\" srcset=\"https:\/\/terre-franche.be\/site2022\/wp-content\/uploads\/2026\/04\/AC-pad.jpg 550w, https:\/\/terre-franche.be\/site2022\/wp-content\/uploads\/2026\/04\/AC-pad-300x300.jpg 300w, https:\/\/terre-franche.be\/site2022\/wp-content\/uploads\/2026\/04\/AC-pad-150x150.jpg 150w\" sizes=\"(max-width: 550px) 100vw, 550px\" \/>\t\t\t\t\t\t\t\t<\/a>\n\t\t\t\t\t\t\t\t\t\t\t\t\t\t\t<\/div>\n\t\t\t\t<\/div>\n\t\t\t\t\t<\/div>\n\t\t<\/div>\n\t\t\t\t<div class=\"elementor-column elementor-col-33 elementor-top-column elementor-element elementor-element-74a6ff7\" data-id=\"74a6ff7\" data-element_type=\"column\" data-e-type=\"column\">\n\t\t\t<div class=\"elementor-widget-wrap elementor-element-populated\">\n\t\t\t\t\t\t<div class=\"elementor-element elementor-element-1199aa9 elementor-widget elementor-widget-image\" data-id=\"1199aa9\" data-element_type=\"widget\" data-e-type=\"widget\" data-widget_type=\"image.default\">\n\t\t\t\t<div class=\"elementor-widget-container\">\n\t\t\t\t\t\t\t\t\t\t\t\t\t\t\t\t<a href=\"https:\/\/terre-franche.be\/site2022\/index.php\/les-immanquables-petites-sorties-de-terre-franche\/\" target=\"_blank\">\n\t\t\t\t\t\t\t<img loading=\"lazy\" decoding=\"async\" width=\"550\" height=\"550\" src=\"https:\/\/terre-franche.be\/site2022\/wp-content\/uploads\/2026\/04\/FETE-DES-ATELIERS-pad.jpg\" class=\"attachment-large size-large wp-image-7686\" alt=\"lien vers la page de la f\u00eate des ateliers\" srcset=\"https:\/\/terre-franche.be\/site2022\/wp-content\/uploads\/2026\/04\/FETE-DES-ATELIERS-pad.jpg 550w, https:\/\/terre-franche.be\/site2022\/wp-content\/uploads\/2026\/04\/FETE-DES-ATELIERS-pad-300x300.jpg 300w, https:\/\/terre-franche.be\/site2022\/wp-content\/uploads\/2026\/04\/FETE-DES-ATELIERS-pad-150x150.jpg 150w\" sizes=\"(max-width: 550px) 100vw, 550px\" \/>\t\t\t\t\t\t\t\t<\/a>\n\t\t\t\t\t\t\t\t\t\t\t\t\t\t\t<\/div>\n\t\t\t\t<\/div>\n\t\t\t\t\t<\/div>\n\t\t<\/div>\n\t\t\t\t\t<\/div>\n\t\t<\/section>\n\t\t\t\t<section class=\"elementor-section elementor-top-section elementor-element elementor-element-142c854 elementor-section-boxed elementor-section-height-default elementor-section-height-default\" data-id=\"142c854\" data-element_type=\"section\" data-e-type=\"section\">\n\t\t\t\t\t\t<div class=\"elementor-container elementor-column-gap-default\">\n\t\t\t\t\t<div class=\"elementor-column elementor-col-66 elementor-top-column elementor-element elementor-element-5e46bd1\" data-id=\"5e46bd1\" data-element_type=\"column\" data-e-type=\"column\">\n\t\t\t<div class=\"elementor-widget-wrap elementor-element-populated\">\n\t\t\t\t\t\t<div class=\"elementor-element elementor-element-c311e5c elementor-widget elementor-widget-text-editor\" data-id=\"c311e5c\" data-element_type=\"widget\" data-e-type=\"widget\" data-widget_type=\"text-editor.default\">\n\t\t\t\t<div class=\"elementor-widget-container\">\n\t\t\t\t\t\t\t\t\t<p>En poussant la porte de Terre Franche, vous d\u00e9couvrez un lieu qui sent bon la cr\u00e9ativit\u00e9 ! Vous voil\u00e0 libres d&rsquo;\u00eatre vous-m\u00eame et de cr\u00e9er selon vos r\u00eaves, guid\u00e9s dans vos envies artistiques par des artistes-animateurs motiv\u00e9s de vous transmettre leur cr\u00e9ativit\u00e9 et leur savoir-faire ! Bienvenue \u00e0 tous.tes et pour que le co\u00fbt ne soit pas un obstacle \u00e0 votre participation et \u00e0 celle de vos enfants, n&rsquo;h\u00e9sitez pas \u00e0 appeler Laurence, du lundi au vendredi, entre 8h30 et 12h30, au 081\/58 08 31<\/p>\t\t\t\t\t\t\t\t<\/div>\n\t\t\t\t<\/div>\n\t\t\t\t<div class=\"elementor-element elementor-element-fb71729 elementor-widget elementor-widget-text-editor\" data-id=\"fb71729\" data-element_type=\"widget\" data-e-type=\"widget\" data-widget_type=\"text-editor.default\">\n\t\t\t\t<div class=\"elementor-widget-container\">\n\t\t\t\t\t\t\t\t\t<p>Le Centre d&rsquo;Expression et de Cr\u00e9ativit\u00e9 ( CEC ) Terre Franche&nbsp;<br><span style=\"font-size: 20px; letter-spacing: 0.3px;\">est reconnu et soutenu par :<\/span><\/p><p>le Secteur de la Cr\u00e9ativit\u00e9 et des Pratiques artistiques en amateur de la F\u00e9d\u00e9ration Wallonie &#8211; Bruxelles, <br>la R\u00e9gion Wallonne <br>et la Commune d&rsquo;Eghez\u00e9e&nbsp;<span style=\"font-size: 14px; letter-spacing: 0.3px;\"><br><\/span><\/p>\t\t\t\t\t\t\t\t<\/div>\n\t\t\t\t<\/div>\n\t\t\t\t\t<\/div>\n\t\t<\/div>\n\t\t\t\t<div class=\"elementor-column elementor-col-33 elementor-top-column elementor-element elementor-element-33134e4\" data-id=\"33134e4\" data-element_type=\"column\" data-e-type=\"column\">\n\t\t\t<div class=\"elementor-widget-wrap elementor-element-populated\">\n\t\t\t\t\t\t<div class=\"elementor-element elementor-element-d3c239c elementor-widget elementor-widget-image\" data-id=\"d3c239c\" data-element_type=\"widget\" data-e-type=\"widget\" data-widget_type=\"image.default\">\n\t\t\t\t<div class=\"elementor-widget-container\">\n\t\t\t\t\t\t\t\t\t\t\t\t\t\t\t\t<a href=\"https:\/\/terre-franche.be\/site2022\/index.php\/2024\/10\/10\/les-complices-de-terre-franche\/\" target=\"_blank\">\n\t\t\t\t\t\t\t<img loading=\"lazy\" decoding=\"async\" width=\"1024\" height=\"1024\" src=\"https:\/\/terre-franche.be\/site2022\/wp-content\/uploads\/2024\/10\/envie-de-sinvesti-Cliquez-ICI--1024x1024.jpg\" class=\"attachment-large size-large wp-image-4547\" alt=\"S&#039;investir comme complice de Terre Franche\" srcset=\"https:\/\/terre-franche.be\/site2022\/wp-content\/uploads\/2024\/10\/envie-de-sinvesti-Cliquez-ICI--1024x1024.jpg 1024w, https:\/\/terre-franche.be\/site2022\/wp-content\/uploads\/2024\/10\/envie-de-sinvesti-Cliquez-ICI--300x300.jpg 300w, https:\/\/terre-franche.be\/site2022\/wp-content\/uploads\/2024\/10\/envie-de-sinvesti-Cliquez-ICI--150x150.jpg 150w, https:\/\/terre-franche.be\/site2022\/wp-content\/uploads\/2024\/10\/envie-de-sinvesti-Cliquez-ICI--768x768.jpg 768w, https:\/\/terre-franche.be\/site2022\/wp-content\/uploads\/2024\/10\/envie-de-sinvesti-Cliquez-ICI--600x600.jpg 600w, https:\/\/terre-franche.be\/site2022\/wp-content\/uploads\/2024\/10\/envie-de-sinvesti-Cliquez-ICI-.jpg 1080w\" sizes=\"(max-width: 1024px) 100vw, 1024px\" \/>\t\t\t\t\t\t\t\t<\/a>\n\t\t\t\t\t\t\t\t\t\t\t\t\t\t\t<\/div>\n\t\t\t\t<\/div>\n\t\t\t\t<div class=\"elementor-element elementor-element-5d35146 elementor-align-left elementor-widget elementor-widget-button\" data-id=\"5d35146\" data-element_type=\"widget\" data-e-type=\"widget\" data-widget_type=\"button.default\">\n\t\t\t\t<div class=\"elementor-widget-container\">\n\t\t\t\t\t\t\t\t\t<div class=\"elementor-button-wrapper\">\n\t\t\t\t\t<a class=\"elementor-button elementor-button-link elementor-size-sm\" href=\"https:\/\/mailchi.mp\/ced20043c982\/les-nouvelles-de-terre-franche-mars-18247976?e=1a07ed5e2c\" target=\"_blank\">\n\t\t\t\t\t\t<span class=\"elementor-button-content-wrapper\">\n\t\t\t\t\t\t\t\t\t<span class=\"elementor-button-text\">Les Nouvelles de TERRE FRANCHE AVRIL 2026<\/span>\n\t\t\t\t\t<\/span>\n\t\t\t\t\t<\/a>\n\t\t\t\t<\/div>\n\t\t\t\t\t\t\t\t<\/div>\n\t\t\t\t<\/div>\n\t\t\t\t\t<\/div>\n\t\t<\/div>\n\t\t\t\t\t<\/div>\n\t\t<\/section>\n\t\t\t\t<section class=\"elementor-section elementor-top-section elementor-element elementor-element-ed4acde elementor-section-boxed elementor-section-height-default elementor-section-height-default\" data-id=\"ed4acde\" data-element_type=\"section\" data-e-type=\"section\">\n\t\t\t\t\t\t<div class=\"elementor-container elementor-column-gap-default\">\n\t\t\t\t\t<div class=\"elementor-column elementor-col-100 elementor-top-column elementor-element elementor-element-a80190c\" data-id=\"a80190c\" data-element_type=\"column\" data-e-type=\"column\">\n\t\t\t<div class=\"elementor-widget-wrap elementor-element-populated\">\n\t\t\t\t\t\t<div class=\"elementor-element elementor-element-245510d elementor-widget elementor-widget-text-editor\" data-id=\"245510d\" data-element_type=\"widget\" data-e-type=\"widget\" data-widget_type=\"text-editor.default\">\n\t\t\t\t<div class=\"elementor-widget-container\">\n\t\t\t\t\t\t\t\t\t<p><span style=\"font-size: 14px; letter-spacing: 0.3px;\"><i style=\"font-weight: bold;\">Editeur responsable : V\u00e9ronique Vercoutere, Pr\u00e9sidente\u00a0 de l\u2019asbl ECRIN, rue de la Gare, 5, \u00e0 5310 Eghez\u00e9e. N\u00b0 d\u2019entreprise : 046 27 96 007<\/i><\/span><span style=\"font-size: 14px; letter-spacing: 0.3px;\">\u00a0<\/span><\/p>\t\t\t\t\t\t\t\t<\/div>\n\t\t\t\t<\/div>\n\t\t\t\t\t<\/div>\n\t\t<\/div>\n\t\t\t\t\t<\/div>\n\t\t<\/section>\n\t\t\t\t<\/div>\n\t\t","protected":false},"excerpt":{"rendered":"<p>\u00a0 Le CENTRE d&rsquo;EXPRESSION et de CREATIVITEdu Centre Culturel ECRIN, situ\u00e9 sur la place de Longchamps, \u00e0 5310 EGHEZEE,propose des ATELIERS, STAGES et PROJETS cr\u00e9atifs,en arts de la sc\u00e8ne, th\u00e9\u00e2tre, danse et musique,ainsi qu&rsquo;en arts plastiques et visuels.ENFANTS, ADOS, ADULTES sont bienvenus, sans exception ! Arts plastiques, de 6 \u00e0 &#8230;16 ans ! Le jeudi [&hellip;]<\/p>\n","protected":false},"author":1,"featured_media":0,"parent":0,"menu_order":0,"comment_status":"closed","ping_status":"closed","template":"elementor_theme","meta":{"ocean_post_layout":"","ocean_both_sidebars_style":"","ocean_both_sidebars_content_width":0,"ocean_both_sidebars_sidebars_width":0,"ocean_sidebar":"footer-one","ocean_second_sidebar":"0","ocean_disable_margins":"on","ocean_add_body_class":"","ocean_shortcode_before_top_bar":"","ocean_shortcode_after_top_bar":"","ocean_shortcode_before_header":"","ocean_shortcode_after_header":"","ocean_has_shortcode":"","ocean_shortcode_after_title":"","ocean_shortcode_before_footer_widgets":"","ocean_shortcode_after_footer_widgets":"","ocean_shortcode_before_footer_bottom":"","ocean_shortcode_after_footer_bottom":"","ocean_display_top_bar":"off","ocean_display_header":"on","ocean_header_style":"minimal","ocean_center_header_left_menu":"0","ocean_custom_header_template":"0","ocean_custom_logo":97,"ocean_custom_retina_logo":0,"ocean_custom_logo_max_width":0,"ocean_custom_logo_tablet_max_width":0,"ocean_custom_logo_mobile_max_width":0,"ocean_custom_logo_max_height":0,"ocean_custom_logo_tablet_max_height":0,"ocean_custom_logo_mobile_max_height":0,"ocean_header_custom_menu":"18","ocean_menu_typo_font_family":"0","ocean_menu_typo_font_subset":"","ocean_menu_typo_font_size":0,"ocean_menu_typo_font_size_tablet":0,"ocean_menu_typo_font_size_mobile":0,"ocean_menu_typo_font_size_unit":"px","ocean_menu_typo_font_weight":"700","ocean_menu_typo_font_weight_tablet":"","ocean_menu_typo_font_weight_mobile":"","ocean_menu_typo_transform":"","ocean_menu_typo_transform_tablet":"","ocean_menu_typo_transform_mobile":"","ocean_menu_typo_line_height":0,"ocean_menu_typo_line_height_tablet":0,"ocean_menu_typo_line_height_mobile":0,"ocean_menu_typo_line_height_unit":"","ocean_menu_typo_spacing":0,"ocean_menu_typo_spacing_tablet":0,"ocean_menu_typo_spacing_mobile":0,"ocean_menu_typo_spacing_unit":"","ocean_menu_link_color":"","ocean_menu_link_color_hover":"","ocean_menu_link_color_active":"","ocean_menu_link_background":"","ocean_menu_link_hover_background":"","ocean_menu_link_active_background":"","ocean_menu_social_links_bg":"","ocean_menu_social_hover_links_bg":"","ocean_menu_social_links_color":"","ocean_menu_social_hover_links_color":"","ocean_disable_title":"on","ocean_disable_heading":"default","ocean_post_title":"","ocean_post_subheading":"","ocean_post_title_style":"","ocean_post_title_background_color":"","ocean_post_title_background":0,"ocean_post_title_bg_image_position":"","ocean_post_title_bg_image_attachment":"","ocean_post_title_bg_image_repeat":"","ocean_post_title_bg_image_size":"","ocean_post_title_height":0,"ocean_post_title_bg_overlay":0.5,"ocean_post_title_bg_overlay_color":"","ocean_disable_breadcrumbs":"off","ocean_breadcrumbs_color":"","ocean_breadcrumbs_separator_color":"","ocean_breadcrumbs_links_color":"","ocean_breadcrumbs_links_hover_color":"","ocean_display_footer_widgets":"on","ocean_display_footer_bottom":"off","ocean_custom_footer_template":"0","footnotes":""},"class_list":["post-123","page","type-page","status-publish","hentry","entry"],"_links":{"self":[{"href":"https:\/\/terre-franche.be\/site2022\/index.php\/wp-json\/wp\/v2\/pages\/123","targetHints":{"allow":["GET"]}}],"collection":[{"href":"https:\/\/terre-franche.be\/site2022\/index.php\/wp-json\/wp\/v2\/pages"}],"about":[{"href":"https:\/\/terre-franche.be\/site2022\/index.php\/wp-json\/wp\/v2\/types\/page"}],"author":[{"embeddable":true,"href":"https:\/\/terre-franche.be\/site2022\/index.php\/wp-json\/wp\/v2\/users\/1"}],"replies":[{"embeddable":true,"href":"https:\/\/terre-franche.be\/site2022\/index.php\/wp-json\/wp\/v2\/comments?post=123"}],"version-history":[{"count":488,"href":"https:\/\/terre-franche.be\/site2022\/index.php\/wp-json\/wp\/v2\/pages\/123\/revisions"}],"predecessor-version":[{"id":7695,"href":"https:\/\/terre-franche.be\/site2022\/index.php\/wp-json\/wp\/v2\/pages\/123\/revisions\/7695"}],"wp:attachment":[{"href":"https:\/\/terre-franche.be\/site2022\/index.php\/wp-json\/wp\/v2\/media?parent=123"}],"curies":[{"name":"wp","href":"https:\/\/api.w.org\/{rel}","templated":true}]}}